{"id":17091,"date":"2022-02-11T10:06:07","date_gmt":"2022-02-11T09:06:07","guid":{"rendered":"https:\/\/www.slovenia-convention.com\/?page_id=17091"},"modified":"2022-02-14T13:36:35","modified_gmt":"2022-02-14T12:36:35","slug":"politika-zasebnosti","status":"publish","type":"page","link":"https:\/\/www.slovenia-convention.com\/sl\/politika-zasebnosti\/","title":{"rendered":"POLITIKA ZASEBNOSTI"},"content":{"rendered":"<div id=\"tdi_1\" class=\"tdc-zone\"><div class=\"tdc_zone tdi_2  wpb_row td-pb-row\"  >\n<style scoped>\n\/* custom css - generated by TagDiv Composer *\/\n\n\/* custom css - generated by TagDiv Composer *\/\n.tdi_2{\r\n                    min-height: 0;\r\n                }\n<\/style><div id=\"tdi_3\" class=\"tdc-row\"><div class=\"vc_row tdi_4  wpb_row td-pb-row\" >\n<style scoped>\n\/* custom css - generated by TagDiv Composer *\/\n\n\/* custom css - generated by TagDiv Composer *\/\n.tdi_4,\r\n                .tdi_4 .tdc-columns{\r\n                    min-height: 0;\r\n                }.tdi_4,\r\n\t\t\t\t.tdi_4 .tdc-columns{\r\n\t\t\t\t    display: block;\r\n\t\t\t\t}.tdi_4 .tdc-columns{\r\n\t\t\t\t    width: 100%;\r\n\t\t\t\t}.tdi_4:before,\r\n\t\t\t\t.tdi_4:after{\r\n\t\t\t\t    display: table;\r\n\t\t\t\t}\n<\/style><div class=\"vc_column tdi_6  wpb_column vc_column_container tdc-column td-pb-span12\">\n<style scoped>\n\/* custom css - generated by TagDiv Composer *\/\n\n\/* custom css - generated by TagDiv Composer *\/\n.tdi_6{\r\n                    vertical-align: baseline;\r\n                }.tdi_6 > .wpb_wrapper,\r\n\t\t\t\t.tdi_6 > .wpb_wrapper > .tdc-elements{\r\n\t\t\t\t    display: block;\r\n\t\t\t\t}.tdi_6 > .wpb_wrapper > .tdc-elements{\r\n\t\t\t\t    width: 100%;\r\n\t\t\t\t}.tdi_6 > .wpb_wrapper > .vc_row_inner{\r\n\t\t\t\t    width: auto;\r\n\t\t\t\t}.tdi_6 > .wpb_wrapper{\r\n\t\t\t\t    width: auto;\r\n\t\t\t\t    height: auto;\r\n\t\t\t\t}\n<\/style><div class=\"wpb_wrapper\" ><div class=\"tdm_block td_block_wrap tdm_block_column_title tdi_7 tdm-content-horiz-left td-pb-border-top td_block_template_5\"  data-td-block-uid=\"tdi_7\" >\n<style>\n\/* custom css - generated by TagDiv Composer *\/\n.tdm_block_column_title{\r\n                  margin-bottom: 0;\r\n                  display: inline-block;\r\n                  width: 100%;\r\n                }\n<\/style><div class=\"td-block-row\"><div class=\"td-block-span12 tdm-col\">\n<style>\n\/* custom css - generated by TagDiv Composer *\/\nbody .tdi_8 .tdm-title{\r\n\t\t\t\t\tbackground-color: #8a9d29;\r\n\t\t\t\t\t-webkit-background-clip: text;\r\n\t\t\t\t\t-webkit-text-fill-color: transparent;\r\n\t\t\t\t}html[class*='ie'] .tdi_8 .tdm-title{\r\n\t\t\t\t    background: none;\r\n\t\t\t\t\tcolor: #8a9d29;\r\n\t\t\t\t}.tdi_8 .tdm-title{\r\n\t\t\t\t\tfont-weight:700 !important;\r\n\t\t\t\t}\n<\/style><div class=\"tds-title tds-title1 td-fix-index tdi_8 \"><h3 class=\"tdm-title tdm-title-md\">Politika zasebnosti<\/h3><\/div><\/div><\/div><\/div><div class=\"wpb_wrapper wpb_text_column td_block_wrap td_block_wrap vc_column_text tdi_9  tagdiv-type td-pb-border-top td_block_template_5\"  data-td-block-uid=\"tdi_9\" >\n<style>\n\/* custom css - generated by TagDiv Composer *\/\n.vc_column_text > .td-element-style{\r\n\t\t\t\t\tz-index: -1;\r\n\t\t\t\t}\n<\/style><div class=\"td-fix-index\"><ol>\n<li><strong>O nas<\/strong><\/li>\n<\/ol>\n<p>Upravljavec va\u0161ih osebnih podatkov je <strong>ZAVOD<\/strong>\u00a0&#8211;\u00a0<strong>KONGRESNOTURISTI\u010cNI URAD<\/strong><strong> (Kongresni urad Slovenije)<\/strong>, Ulica Ambro\u017ei\u010da Novljana 5, Ljubljana. Va\u0161e osebne podatke obdeluje v skladu z veljavno zakonodajo, ki ureja varstvo osebnih podatkov. Z ustreznimi ukrepi zavarovanja skrbi, da do osebnih podatkov ne dostopajo nepoobla\u0161\u010dene osebe, ohranja njihovo zaupnost in celovitost ter prepre\u010duje njihovo izgubo oziroma nenamerno uni\u010denje ves \u010das obdelave.\u00a0<\/p>\n<ol start=\"2\">\n<li><strong>Kaj so osebni podatki?<\/strong><\/li>\n<\/ol>\n<p>Osebni podatki so informacije, ki vas neposredno ali posredno identificirajo kot posameznika, pri \u010demer \u00bbposredno\u00ab pomeni v kombinaciji z drugimi informacijami, npr. z va\u0161im imenom, po\u0161tnim naslovom, e-po\u0161tnim naslovom in telefonsko \u0161tevilko ali posebno identifikacijsko oznako.<\/p>\n<ol start=\"3\">\n<li><strong>Nameni obdelave in podlage za obdelavo podatkov<\/strong><\/li>\n<\/ol>\n<p>Kongresni urad Slovenije va\u0161e osebne podatke zbira in obdeluje na naslednjih pravnih podlagah:<\/p>\n<ul>\n<li>zakon in pogodbeni odnosi,<\/li>\n<li>privolitev posameznika in<\/li>\n<li>zakoniti interes.<\/li>\n<\/ul>\n<p>Na podlagi privolitev posameznika bo va\u0161e osebne podatke uporabila v spodaj opisane namene in v skladu z va\u0161im specifi\u010dnim soglasjem. Zbira samo toliko osebnih podatkov in samo tiste osebne podatke, ki so potrebni za izpolnitev dolo\u010denega namena, in sicer:<\/p>\n<ul>\n<li>posredovanje elektronskih obvestil, novic, zgodb, novi\u010dnikov, ipd.,<\/li>\n<li>sodelovanje na poslovnih dogodkov v organizaciji ali so-organizaciji Kongresnega urada Slovenije, vodenje evidence o udele\u017eencih poslovnih dogodkov ter objava kontaktnih podatkov v katalogu udele\u017eencev,<\/li>\n<li>vodenje evidence o medijih, ki se zanimajo za \u0161tudijski obisk v Sloveniji.<\/li>\n<li>sodelovanje v nagradnih igrah,<\/li>\n<li>segmentacijo obiskovalcev\u00a0na strani <strong>www.slovenia-convention.com<\/strong> in prejemnikov elektronskih obvestil, novic, zgodb, novi\u010dnikov za zagotovitev vsebine, ki so najbli\u017eje interesom in preferencam posameznega spletnega uporabnika<\/li>\n<li>prikazovanje oglasne vsebine o tematikah, za katere je posamezni spletni uporabnik \u017ee predhodno izkazal interes (retargeting),<\/li>\n<li>pi\u0161kotki aktivnosti na\u00a0<strong>www.slovenia-convention.com<\/strong> ki jih Kongresni urad Slovenije uporablja za zagotavljanje bolj\u0161e uporabni\u0161ke izku\u0161nje obiskovalcev portala v prihodnje. S pomo\u010djo nekaterih pi\u0161kotkov lahko vzor\u010dimo, segmentiramo obiskovalce in tem zagotovimo vsebine, ki so najbli\u017eje interesom in preferencam posameznega spletnega uporabnika..<\/li>\n<li>podatki, ki jih avtomatsko zbira analitika spletne strani<\/li>\n<\/ul>\n<p>Na podlagi zakonitega interesa bo va\u0161e osebne podatke uporabila v spodaj opisan namen. Zbira samo toliko osebnih podatkov in samo tiste osebne podatke, ki so potrebni za izpolnitev dolo\u010denega namena, in sicer:<\/p>\n<ul>\n<li>posredovanje elektronskih obvestil, novic, novi\u010dnikov, sporo\u010dil za javnost, obvestil o novinarskih konferencah, ipd. medijem in novinarjem.<\/li>\n<\/ul>\n<p><strong>Pi\u0161kotki, ki jih uporabljamo na na\u0161i spletni strani, ne zbirajo va\u0161ih osebnih podatkov, s katerimi bi vas bilo mogo\u010de osebno prepoznati in ne morejo po\u0161kodovati va\u0161ega ra\u010dunalnika, tablice ali mobilnega telefona.<\/strong><\/p>\n<ol start=\"4\">\n<li><strong>Pogodbena obdelava osebnih podatkov<\/strong><\/li>\n<\/ol>\n<p>Kongresni urad Slovenije lahko posamezna opravila v zvezi z va\u0161imi podatki zaupa drugim osebam (pogodbenim obdelovalcem). Pogodbeni obdelovalci lahko zaupane podatke obdelujejo izklju\u010dno v imenu Kongresnega urada Slovenije, v mejah njegovih pooblastil (v pisni pogodbi oziroma drugem pravnem aktu) in skladno z nameni, ki so opredeljeni v tej politiki zasebnosti. Pogodbeni obdelovalci, s katerimi sodeluje Kongresni urad Slovenije so:<\/p>\n<ul>\n<li>ponudniki hotelskih in prevoznih storitev, turisti\u010dni vodi\u010di, organizatorji in soorganizatorji poslovnih dogodkov,<\/li>\n<li>ponudniki obdelave podatkov in analitike;<\/li>\n<li>vzdr\u017eevalci IT sistemov;<\/li>\n<li>ponudniki po\u0161iljanja e-po\u0161tnih sporo\u010dil in orodij za avtomatizacijo marketinga;<\/li>\n<li>ponudniki sistemov za upravljanje odnosov s kupci;<\/li>\n<li>ponudniki re\u0161itev za spletno ogla\u0161evanje,<\/li>\n<li>odvetni\u0161ke pisarne in drugi ponudniki pravnega svetovanja.<\/li>\n<\/ul>\n<p>Kongresni urad Slovenije ne bo posredoval va\u0161ih osebnih podatkov tretjim nepoobla\u0161\u010denim osebam. Pogodbeni obdelovalci smejo osebne podatke obdelovati zgolj v okviru navodil Kongresnega urada Slovenije in osebnih podatkov ne smejo uporabiti za zasledovanje kakr\u0161nihkoli lastnih interesov.<\/p>\n<ol start=\"5\">\n<li><strong>Mednarodni prenosi osebnih podatkov<\/strong><\/li>\n<\/ol>\n<p>V\u00a0 posebnih okoli\u0161\u010dinah bo lahko Kongresni urad Slovenije va\u0161e osebne podatke prenesel v dr\u017eave zunaj Evropske unije\/Evropskega gospodarskega prostora (EGP). Tovrstni prenosi v tretje dr\u017eave se lahko nana\u0161ajo na vse dejavnosti obdelave, opisane v razdelku 3. Zakon o varstvu podatkov in drugi zakoni dr\u017eav zunaj Evropskega gospodarskega prostora, v katere se lahko prenesejo va\u0161i podatki, morda ne zagotavljajo tako visoke ravni varstva podatkov kot zakoni v va\u0161i dr\u017eavi. Uporabili bomo ukrepe, skladne z upo\u0161tevno zakonodajo, ki so ustrezni za zagotavljanje, da va\u0161i osebni podatki ostanejo za\u0161\u010diteni. Taki ukrepi vklju\u010dujejo uporabo standardnih pogodbenih klavzul za za\u0161\u010dito prenosa podatkov zunaj EGP.<\/p>\n<ol start=\"6\">\n<li><strong>Varnost<\/strong><\/li>\n<\/ol>\n<p>Kongresni urad Slovenije ima zelo resen pristop k varnosti podatkov. Uporablja ustrezno stopnjo za\u0161\u010dite, vzpostavil je razumne fizi\u010dne, elektronske in administrativne ukrepe, s katerimi zbrane podatke varuje pred nenamernim ali nezakonskim uni\u010denjem, izgubo, spreminjanjem, nepoobla\u0161\u010denim razkritjem osebnih podatkov ali pred nepoobla\u0161\u010denim dostopom do osebnih podatkov, ki so bili preneseni, shranjeni ali druga\u010de obdelani.<\/p>\n<ol start=\"7\">\n<li><strong>Va\u0161e zakonske pravice<\/strong><\/li>\n<\/ol>\n<p>Kot oseba, na katero se podatki nana\u0161ajo, imate dolo\u010dene pravice, povezane z osebnimi podatki, ki jih o vas zbira Kongresni urad Slovenije. Naslednji seznam vsebuje informacije o va\u0161ih pravicah, ki izhajajo iz veljavnih zakonov o varstvu podatkov:<\/p>\n<ul>\n<li>Pravica o umiku soglasja:\u00a0Kjer obdelava va\u0161ih osebnih podatkov temelji na va\u0161em soglasju, lahko to soglasje kadarkoli umaknete. Soglasje lahko umaknete na enak na\u010din, kot ste ga dali (npr. elektronsko).<\/li>\n<li>Pravica do dostopa:\u00a0od Kongresnega urada Slovenije lahko zahtevate za informacije o osebnih podatkih, ki jih hrani o vas, vklju\u010dno z informacijami o tem, katere vrste va\u0161ih osebnih podatkov hrani, za kaj jih uporablja, kje jih zbira, \u010de ne neposredno od vas, in komu so bili razkriti, \u010de je to primerno, obdobje hrambe va\u0161ih osebnih podatkov, kak\u0161ne so va\u0161e pravice, vezane na va\u0161e osebne podatke, ter informacije o morebitnem obstoju avtomatiziranega sprejemanja odlo\u010ditev (vklju\u010dno z oblikovanjem profilov) in o razlogih zanj ter pomen in predvidene posledice take obdelave za vas.<\/li>\n<li>Pravica do popravka:\u00a0Od Kongresnega urada Slovenije lahko zahtevate popravek neto\u010dnih osebnih podatkov, ki jih ima o vas.<\/li>\n<li>Pravica do omejitve:\u00a0Od Kongresnega urada Slovenije lahko zahtevate omejitev obdelave svojih osebnih podatkov, \u010de:\n<ul>\n<li>oporekate to\u010dnosti svojih osebnih podatkov, in sicer za obdobje, ki ga Kongresni urad Slovenijepotrebuje za preverjanje to\u010dnosti podatkov,<\/li>\n<li>je obdelava nezakonita in zahtevate omejitev obdelave namesto izbrisa svojih osebnih podatkov,<\/li>\n<li>va\u0161ih podatkov Kongresni urad Slovenije ne potrebuje ve\u010d, a jih mora hraniti za \u00a0uveljavljanje, izvajanje ali obrambo va\u0161ih pravnih zahtevkov,<\/li>\n<li>ugovarjate obdelavi, medtem ko Kongresni urad Slovenije preverja, ali njena zakonska podlaga prevladuje nad va\u0161o.<\/li>\n<\/ul>\n<\/li>\n<li>Pravica do prenosljivosti:\u00a0Na va\u0161o zahtevo bo Kongresni urad Slovenije, kadar je to tehni\u010dno izvedljivo, va\u0161e osebne podatke prenesla drugemu upravljavcu, \u010de obdelava temelji na va\u0161em soglasju oziroma je pomembna za izvajanje pogodbe in \u010de se obdelava izvaja z avtomatiziranimi sredstvi.<\/li>\n<li>Pravica do ugovora: \u010de obdelava temelji na va\u0161em soglasju oziroma je pomembna za izvajanje pogodbe in \u010de se obdelava izvaja z avtomatiziranimi sredstvi, lahko iz razlogov, povezanih z va\u0161im posebnim polo\u017eajem, kadarkoli ugovarjate obdelavi osebnih podatkov v zvezi s temi razlogi. Kadar se va\u0161i osebni podatki obdelujejo za namene neposrednega tr\u017eenja, imate pravico, da kadarkoli ugovarjate obdelavi osebnih podatkov za namene takega tr\u017eenja, vklju\u010dno z oblikovanjem profilov. Poleg tega imate pravico, da iz razlogov, povezanih z va\u0161im posebnim polo\u017eajem, ugovarjate obdelavi osebnih podatkov v zvezi s temi razlogi, kadar se osebni podatki obdelujejo v znanstveno- ali zgodovinskoraziskovalne namene ali statisti\u010dne namene razen, \u010de je obdelava potrebna za opravljanje naloge, ki se izvaja v javnem interesu.<\/li>\n<li>Avtomatizirano sprejemanje posameznih odlo\u010ditev, vklju\u010dno z oblikovanjem profilov: od Kongresnega urada Slovenije imate pravico zahtevati, da za vas ne velja odlo\u010ditev, ki temelji le na avtomatizirni obdelavi va\u0161ih osebnih podatkov, \u010de ima ta odlo\u010ditev za vas pravne u\u010dinke ali znatno vpliva na vas.<\/li>\n<li>Pravica do vlo\u017eitve prito\u017ebe:\u00a0V primeru domnevne kr\u0161itve veljavnih zakonov o zasebnosti lahko vlo\u017eite prito\u017ebo pri nadzornem organu za za\u0161\u010dito podatkov v dr\u017eavi, kjer prebivate ali kjer se je domnevna kr\u0161itev zgodila.<\/li>\n<li>Pravica do izbrisa:\u00a0Od Kongresnega urada Slovenije lahko zahtevate izbris svojih osebnih podatkov, \u010de:<\/li>\n<li style=\"list-style-type: none;\">\n<ul>\n<li>osebni podatki niso ve\u010d potrebni za namen, za katerega so bili zbrani ali druga\u010de obdelani,<\/li>\n<li>obdelava temelji na va\u0161em soglasju in svoje soglasje umaknete, za obdelavo pa ni druge zakonske podlage,<\/li>\n<li>obdelava temelji na va\u0161em soglasju in ugovarjate obdelavi, za obdelavo pa ni druge zakonske podlage,<\/li>\n<li>so bili osebni podatki obdelani nezakonito,<\/li>\n<li>je to potrebno za izpolnitev zakonskih obveznosti;<\/li>\n<li>so bili osebni podatki zbrani v zvezi s ponudbo storitev informacijske dru\u017ebe, ki se ponujajo neposredno otroku. Obdelava osebnih podatkov otroka je zakonita, kadar ima otrok vsaj 16 let. Kadar je otrok mlaj\u0161i od 16 let, je tak\u0161na obdelava zakonita le, \u010de za otroka tak\u0161no privolitev da ali odobri njegov star\u0161 ali skrbnik.<\/li>\n<\/ul>\n<\/li>\n<\/ul>\n<ol start=\"8\">\n<li><strong>Hramba va\u0161ih osebnih podatkov<\/strong><\/li>\n<\/ol>\n<p>Va\u0161e osebne podatke Kongresni urad Slovenije hrani skladno s temi na\u010deli:<\/p>\n<ul>\n<li>kot to zahtevajo zakonodaja, pogodba ali na\u0161e zakonske obveznosti; ali<\/li>\n<li>tako dolgo, kot je potrebno za namene, za katere so bili zbrani, in obdelavo ali dlje \u010dasa, \u010de to zahteva morebitna pogodba ali veljavna zakonodaja oziroma za statisti\u010dne namene ob upo\u0161tevanju ustreznih varnostnih ukrepov,<\/li>\n<li>do preklica privolitve za obdelavo osebnih podatkov za posamezni namen.<\/li>\n<\/ul>\n<ol start=\"9\">\n<li><strong>Spremembe<\/strong><\/li>\n<\/ol>\n<p>Vsaka sprememba politike o varovanju osebnih podatkov Kongresnega urada Slovenije bo objavljena na spletnem portalu\u00a0<strong><a href=\"https:\/\/www.slovenia-convention.com\/\">www.slovenia-convention.com<\/a><\/strong><\/p>\n<\/div><\/div><\/div><\/div><\/div><\/div><\/div><\/div>","protected":false},"excerpt":{"rendered":"","protected":false},"author":2,"featured_media":0,"parent":0,"menu_order":0,"comment_status":"closed","ping_status":"closed","template":"","meta":{"_acf_changed":false,"footnotes":""},"class_list":["post-17091","page","type-page","status-publish"],"acf":[],"_links":{"self":[{"href":"https:\/\/www.slovenia-convention.com\/sl\/wp-json\/wp\/v2\/pages\/17091","targetHints":{"allow":["GET"]}}],"collection":[{"href":"https:\/\/www.slovenia-convention.com\/sl\/wp-json\/wp\/v2\/pages"}],"about":[{"href":"https:\/\/www.slovenia-convention.com\/sl\/wp-json\/wp\/v2\/types\/page"}],"author":[{"embeddable":true,"href":"https:\/\/www.slovenia-convention.com\/sl\/wp-json\/wp\/v2\/users\/2"}],"replies":[{"embeddable":true,"href":"https:\/\/www.slovenia-convention.com\/sl\/wp-json\/wp\/v2\/comments?post=17091"}],"version-history":[{"count":3,"href":"https:\/\/www.slovenia-convention.com\/sl\/wp-json\/wp\/v2\/pages\/17091\/revisions"}],"predecessor-version":[{"id":17100,"href":"https:\/\/www.slovenia-convention.com\/sl\/wp-json\/wp\/v2\/pages\/17091\/revisions\/17100"}],"wp:attachment":[{"href":"https:\/\/www.slovenia-convention.com\/sl\/wp-json\/wp\/v2\/media?parent=17091"}],"curies":[{"name":"wp","href":"https:\/\/api.w.org\/{rel}","templated":true}]}}