{"id":23469,"date":"2025-09-15T09:03:13","date_gmt":"2025-09-15T08:03:13","guid":{"rendered":"https:\/\/www.slovenia-convention.com\/?page_id=23469"},"modified":"2025-09-15T09:22:59","modified_gmt":"2025-09-15T08:22:59","slug":"congress-ambassadors-2020","status":"publish","type":"page","link":"https:\/\/www.slovenia-convention.com\/sl\/congress-ambassadors-2020\/","title":{"rendered":"Congress Ambassadors 2020"},"content":{"rendered":"<div id=\"tdi_1\" class=\"tdc-zone\"><div class=\"tdc_zone tdi_2  wpb_row td-pb-row\"  >\n<style scoped>\n\/* custom css - generated by TagDiv Composer *\/\n\n\/* custom css - generated by TagDiv Composer *\/\n.tdi_2{\r\n                    min-height: 0;\r\n                }\n<\/style><div id=\"tdi_3\" class=\"tdc-row stretch_row_1200 td-stretch-content\"><div class=\"vc_row tdi_4  wpb_row td-pb-row\" >\n<style scoped>\n\/* custom css - generated by TagDiv Composer *\/\n\n\/* custom css - generated by TagDiv Composer *\/\n.tdi_4,\r\n                .tdi_4 .tdc-columns{\r\n                    min-height: 0;\r\n                }.tdi_4,\r\n\t\t\t\t.tdi_4 .tdc-columns{\r\n\t\t\t\t    display: block;\r\n\t\t\t\t}.tdi_4 .tdc-columns{\r\n\t\t\t\t    width: 100%;\r\n\t\t\t\t}.tdi_4:before,\r\n\t\t\t\t.tdi_4:after{\r\n\t\t\t\t    display: table;\r\n\t\t\t\t}\n<\/style><div class=\"vc_column tdi_6  wpb_column vc_column_container tdc-column td-pb-span12\">\n<style scoped>\n\/* custom css - generated by TagDiv Composer *\/\n\n\/* custom css - generated by TagDiv Composer *\/\n.tdi_6{\r\n                    vertical-align: baseline;\r\n                }.tdi_6 > .wpb_wrapper,\r\n\t\t\t\t.tdi_6 > .wpb_wrapper > .tdc-elements{\r\n\t\t\t\t    display: block;\r\n\t\t\t\t}.tdi_6 > .wpb_wrapper > .tdc-elements{\r\n\t\t\t\t    width: 100%;\r\n\t\t\t\t}.tdi_6 > .wpb_wrapper > .vc_row_inner{\r\n\t\t\t\t    width: auto;\r\n\t\t\t\t}.tdi_6 > .wpb_wrapper{\r\n\t\t\t\t    width: auto;\r\n\t\t\t\t    height: auto;\r\n\t\t\t\t}\n<\/style><div class=\"wpb_wrapper\" ><div class=\"tdm_block td_block_wrap tdm_block_column_title tdi_7 tdm-content-horiz-left td-pb-border-top td_block_template_5\"  data-td-block-uid=\"tdi_7\" >\n<style>\n\n\/* inline tdc_css att - generated by TagDiv Composer *\/\n\n.tdi_7{\nmargin-top:40px !important;\nmargin-bottom:20px !important;\nmargin-left:40px !important;\n}\n\n<\/style>\n<style>\n\/* custom css - generated by TagDiv Composer *\/\n.tdm_block_column_title{\r\n                  margin-bottom: 0;\r\n                  display: inline-block;\r\n                  width: 100%;\r\n                }\n<\/style><div class=\"td-block-row\"><div class=\"td-block-span12 tdm-col\">\n<style>\n\/* custom css - generated by TagDiv Composer *\/\n.tdi_8 .tdm-title{\r\n\t\t\t\t\tcolor: #77a22f;\r\n\t\t\t\t\r\n\t\t\t\t\tfont-size:33px !important;\r\n\t\t\t\t}.tdi_8 .tdm-title-line{\r\n\t\t\t\t\twidth: 120px;\r\n\t\t\t\t\r\n\t\t\t\t\theight: 20px;\r\n\t\t\t\t}.tdi_8 .tdm-title-line:after{\r\n\t\t\t\t\theight: 1px;\r\n\t\t\t\t\r\n\t\t\t\t\tbottom: 0%;\r\n\t\t\t\t}.tdi_8 .tdm-title-sub{\r\n\t\t\t\t\tmargin-bottom: 12px;\r\n\t\t\t\t\r\n\t\t\t\t\ttext-transform:none !important;\r\n\t\t\t\t}body .tdi_8 .tdm-title-sub{\r\n\t\t\t\t\tcolor: #000000;\r\n\t\t\t\t}\n<\/style><div class=\"tds-title tds-title3  td-fix-index tdi_8 \"><h3 class=\"tdm-title tdm-title-md\">Slovenian Congress Ambassadors 2020<\/h3><div class=\"tdm-title-line\"><\/div><div class=\"tdm-title-sub\">(in alphabetical order of their last names)<\/div><\/div><\/div><\/div><\/div><div class=\"td_block_wrap td_block_title tdi_9 td-pb-border-top td_block_template_5 td-fix-index\"  data-td-block-uid=\"tdi_9\" >\n<style>\n.td_block_template_5 .td-block-title {\r\n                font-size: 16px;\r\n                font-weight: 500;\r\n                margin-top: 0;\r\n                margin-bottom: 26px;\r\n                line-height: 25px;\r\n                color: var(--td_text_header_color, #000);\r\n                text-align: left;\r\n            }\r\n            .td_block_template_5 .td-block-title > * {\r\n                padding: 0 12px;\r\n                border-width: 0 0 0 4px;\r\n                border-style: solid;\r\n                border-color: var(--td_header_color, var(--td_theme_color, #4db2ec));\r\n            }\r\n            .td_block_template_5 .td-subcat-filter,\r\n            .td_block_template_5 .td-subcat-dropdown {\r\n                line-height: 25px;\r\n            }\r\n            @media (max-width: 767px) {\r\n                .td_block_template_5 .td-related-title a {\r\n                    font-size: 15px;\r\n                }\r\n            }\r\n            .td_block_template_5 .td-related-title:last-child {\r\n                border: none;\r\n            }\r\n            .td_block_template_5 .td-related-title .td-cur-simple-item {\r\n                color: var(--td_theme_color, #4db2ec);\r\n            }\r\n            \r\n\r\n            \r\n            .td-theme-wrap .tdi_9 .td-pulldown-filter-link:hover,\r\n            .td-theme-wrap .tdi_9 .td-subcat-item a:hover,\r\n            .td-theme-wrap .tdi_9 .td-subcat-item .td-cur-simple-item,\r\n            .td-theme-wrap .tdi_9 .td-subcat-dropdown:hover .td-subcat-more span,\r\n            .td-theme-wrap .tdi_9 .td-subcat-dropdown:hover .td-subcat-more i {\r\n                color: #87b231;\r\n            }\r\n\r\n            .td-theme-wrap .tdi_9 .td-block-title > * {\r\n                border-color: #87b231;\r\n            }\r\n\r\n            \r\n            .td-theme-wrap .tdi_9 .td_module_wrap:hover .entry-title a,\r\n            .td-theme-wrap .tdi_9 .td_quote_on_blocks,\r\n            .td-theme-wrap .tdi_9 .td-opacity-cat .td-post-category:hover,\r\n            .td-theme-wrap .tdi_9 .td-opacity-read .td-read-more a:hover,\r\n            .td-theme-wrap .tdi_9 .td-opacity-author .td-post-author-name a:hover,\r\n            .td-theme-wrap .tdi_9 .td-instagram-user a {\r\n                color: #87b231;\r\n            }\r\n\r\n            .td-theme-wrap .tdi_9 .td-next-prev-wrap a:hover,\r\n            .td-theme-wrap .tdi_9 .td-load-more-wrap a:hover {\r\n                background-color: #87b231;\r\n                border-color: #87b231;\r\n            }\r\n\r\n            .td-theme-wrap .tdi_9 .td-read-more a,\r\n            .td-theme-wrap .tdi_9 .td-weather-information:before,\r\n            .td-theme-wrap .tdi_9 .td-weather-week:before,\r\n            .td-theme-wrap .tdi_9 .td-exchange-header:before,\r\n            .td-theme-wrap .td-footer-wrapper .tdi_9 .td-post-category,\r\n            .td-theme-wrap .tdi_9 .td-post-category:hover {\r\n                background-color: #87b231;\r\n            }\n\/* inline tdc_css att - generated by TagDiv Composer *\/\n\n.tdi_9{\nmargin-left:40px !important;\n}\n\n<\/style>\n<style>\n\/* custom css - generated by TagDiv Composer *\/\nbody .tdi_9 .td-block-title a,\r\n\t\t\t\tbody .tdi_9 .td-block-title span{\r\n\t\t\t\t\tfont-size:20px !important;\r\n\t\t\t\t}\n<\/style><div class=\"td-block-title-wrap\"><h4 class=\"td-block-title\"><span class=\"td-pulldown-size\">Honorary Congress Ambassador of Slovenia 2020<\/span><\/h4><\/div><\/div><div class=\"wpb_wrapper wpb_text_column td_block_wrap td_block_wrap vc_column_text tdi_10  tagdiv-type td-pb-border-top td_block_template_5\"  data-td-block-uid=\"tdi_10\" >\n<style>\n\n\/* inline tdc_css att - generated by TagDiv Composer *\/\n\n.tdi_10{\nmargin-top:-20px !important;\nmargin-right:20px !important;\nmargin-left:40px !important;\n}\n\n<\/style>\n<style>\n\/* custom css - generated by TagDiv Composer *\/\n.vc_column_text > .td-element-style{\r\n\t\t\t\t\tz-index: -1;\r\n\t\t\t\t}\n<\/style><div class=\"td-fix-index\"><p><b>Prof. Igor Papi\u010d, PhD, <\/b>Chancellor of the University of Ljubljana<\/p>\n<\/div><\/div><div class=\"td_block_wrap td_block_title tdi_11 td-pb-border-top td_block_template_5 td-fix-index\"  data-td-block-uid=\"tdi_11\" >\n<style>\n.td-theme-wrap .tdi_11 .td-pulldown-filter-link:hover,\r\n            .td-theme-wrap .tdi_11 .td-subcat-item a:hover,\r\n            .td-theme-wrap .tdi_11 .td-subcat-item .td-cur-simple-item,\r\n            .td-theme-wrap .tdi_11 .td-subcat-dropdown:hover .td-subcat-more span,\r\n            .td-theme-wrap .tdi_11 .td-subcat-dropdown:hover .td-subcat-more i {\r\n                color: #87b231;\r\n            }\r\n\r\n            .td-theme-wrap .tdi_11 .td-block-title > * {\r\n                border-color: #87b231;\r\n            }\r\n\r\n            \r\n            .td-theme-wrap .tdi_11 .td_module_wrap:hover .entry-title a,\r\n            .td-theme-wrap .tdi_11 .td_quote_on_blocks,\r\n            .td-theme-wrap .tdi_11 .td-opacity-cat .td-post-category:hover,\r\n            .td-theme-wrap .tdi_11 .td-opacity-read .td-read-more a:hover,\r\n            .td-theme-wrap .tdi_11 .td-opacity-author .td-post-author-name a:hover,\r\n            .td-theme-wrap .tdi_11 .td-instagram-user a {\r\n                color: #87b231;\r\n            }\r\n\r\n            .td-theme-wrap .tdi_11 .td-next-prev-wrap a:hover,\r\n            .td-theme-wrap .tdi_11 .td-load-more-wrap a:hover {\r\n                background-color: #87b231;\r\n                border-color: #87b231;\r\n            }\r\n\r\n            .td-theme-wrap .tdi_11 .td-read-more a,\r\n            .td-theme-wrap .tdi_11 .td-weather-information:before,\r\n            .td-theme-wrap .tdi_11 .td-weather-week:before,\r\n            .td-theme-wrap .tdi_11 .td-exchange-header:before,\r\n            .td-theme-wrap .td-footer-wrapper .tdi_11 .td-post-category,\r\n            .td-theme-wrap .tdi_11 .td-post-category:hover {\r\n                background-color: #87b231;\r\n            }\n\/* inline tdc_css att - generated by TagDiv Composer *\/\n\n.tdi_11{\nmargin-top:10px !important;\nmargin-left:40px !important;\n}\n\n<\/style>\n<style>\n\/* custom css - generated by TagDiv Composer *\/\nbody .tdi_11 .td-block-title a,\r\n\t\t\t\tbody .tdi_11 .td-block-title span{\r\n\t\t\t\t\tfont-size:20px !important;\r\n\t\t\t\t}\n<\/style><div class=\"td-block-title-wrap\"><h4 class=\"td-block-title\"><span class=\"td-pulldown-size\"> Congress ambassadors of Slovenia, scientific events<\/span><\/h4><\/div><\/div><div class=\"wpb_wrapper wpb_text_column td_block_wrap td_block_wrap vc_column_text tdi_12  tagdiv-type td-pb-border-top td_block_template_5\"  data-td-block-uid=\"tdi_12\" >\n<style>\n\n\/* inline tdc_css att - generated by TagDiv Composer *\/\n\n.tdi_12{\nmargin-left:40px !important;\n}\n\n<\/style><div class=\"td-fix-index\"><p><b>Msc. Dejan Bratu\u0161, MD-PhD, <\/b>University Medical Centre Maribor<\/p>\n<p><b>Msc. Violeta Bulc, <\/b>Vibacom d.o.o., InCo gibanje<\/p>\n<p><b>Prof. Marko \u010cepin, PhD, <\/b>University of Ljubljana, Faculty of Electrical Engineering<\/p>\n<p><b>Prof. Zlatko Fras, MD-PhD, MD, PhD, FESC, FACC, <\/b>University Medical Centre Ljubljana, President of Slovenian Society of Cardiology<\/p>\n<p><b>Prof. Primo\u017e Gradi\u0161ek, MD-PhD, <\/b>University Medical Centre Ljubljana, Chair of Slovenian Resuscitation Council<\/p>\n<p><b>Prof. Mitjan Kalin, PhD, <\/b>University of Ljubljana, Faculty of Mechanical Engineering<\/p>\n<p><b>Prof. Matja\u017e Kav\u010di\u010d, PhD, <\/b>Institute Jo\u017eef Stefan<\/p>\n<p><b>Prof. Izidor Kern, MD-PhD, <\/b>University Clinic of Respiratory and Allergic Diseases Golnik<\/p>\n<p><b>Prof. Bla\u017e Koritnik, MD-PhD, <\/b>University Medical Centre Ljubljana<\/p>\n<p><b>Msc. Aleksandra Maji\u0107 Skrbin\u0161ek, PhD, <\/b>University of Ljubljana, Faculty of Biotechnology&nbsp;<\/p>\n<p><b>Prof. Matja\u017e Miko\u0161, PhD, <\/b>University of Ljubljana, Faculty of Civil and Geodetic Engineering<\/p>\n<p><b>Ms Vesna Nahtigal, <\/b>The Chamber of Commerce and Industry of Slovenia<\/p>\n<p><b>Prof. Albin Pintar, PhD, <\/b>Slovenian Chemical Society, National Institute of Chemistry<\/p>\n<p><b>Sa\u0161a Podgor\u0161ek, PhD, <\/b>University of Ljubljana, Faculty of Arts<\/p>\n<p><b>Prof. Marko Pokorn, MD-PhD,<\/b> University Medical Centre Ljubljana, Pediatric Clinic<\/p>\n<p><b>Prof. Andreja Pucihar, PhD, <\/b>University of Maribor, Faculty of Organizational Sciences Kranj<\/p>\n<p><b>Prof. Andrej Simon\u010di\u010d, PhD,<\/b> Agricultural Institute of Slovenia<\/p>\n<p><b>Aleksander \u0160inigoj, PhD, <\/b>Palsit d.o.o.<\/p>\n<p><b>Prof. Polona \u0160prajc, PhD,<\/b> University of Maribor, Faculty of Organizational Sciences Kranj<\/p>\n<p><b>Prof. Jo\u0161ko Valentin\u010di\u010d, PhD, <\/b>University of Ljubljana, Faculty of Mechanical Engineering<\/p>\n<\/div><\/div><div class=\"td_block_wrap td_block_title tdi_13 td-pb-border-top td_block_template_5 td-fix-index\"  data-td-block-uid=\"tdi_13\" >\n<style>\n.td-theme-wrap .tdi_13 .td-pulldown-filter-link:hover,\r\n            .td-theme-wrap .tdi_13 .td-subcat-item a:hover,\r\n            .td-theme-wrap .tdi_13 .td-subcat-item .td-cur-simple-item,\r\n            .td-theme-wrap .tdi_13 .td-subcat-dropdown:hover .td-subcat-more span,\r\n            .td-theme-wrap .tdi_13 .td-subcat-dropdown:hover .td-subcat-more i {\r\n                color: #87b231;\r\n            }\r\n\r\n            .td-theme-wrap .tdi_13 .td-block-title > * {\r\n                border-color: #87b231;\r\n            }\r\n\r\n            \r\n            .td-theme-wrap .tdi_13 .td_module_wrap:hover .entry-title a,\r\n            .td-theme-wrap .tdi_13 .td_quote_on_blocks,\r\n            .td-theme-wrap .tdi_13 .td-opacity-cat .td-post-category:hover,\r\n            .td-theme-wrap .tdi_13 .td-opacity-read .td-read-more a:hover,\r\n            .td-theme-wrap .tdi_13 .td-opacity-author .td-post-author-name a:hover,\r\n            .td-theme-wrap .tdi_13 .td-instagram-user a {\r\n                color: #87b231;\r\n            }\r\n\r\n            .td-theme-wrap .tdi_13 .td-next-prev-wrap a:hover,\r\n            .td-theme-wrap .tdi_13 .td-load-more-wrap a:hover {\r\n                background-color: #87b231;\r\n                border-color: #87b231;\r\n            }\r\n\r\n            .td-theme-wrap .tdi_13 .td-read-more a,\r\n            .td-theme-wrap .tdi_13 .td-weather-information:before,\r\n            .td-theme-wrap .tdi_13 .td-weather-week:before,\r\n            .td-theme-wrap .tdi_13 .td-exchange-header:before,\r\n            .td-theme-wrap .td-footer-wrapper .tdi_13 .td-post-category,\r\n            .td-theme-wrap .tdi_13 .td-post-category:hover {\r\n                background-color: #87b231;\r\n            }\n\/* inline tdc_css att - generated by TagDiv Composer *\/\n\n.tdi_13{\nmargin-left:40px !important;\n}\n\n<\/style>\n<style>\n\/* custom css - generated by TagDiv Composer *\/\nbody .tdi_13 .td-block-title a,\r\n\t\t\t\tbody .tdi_13 .td-block-title span{\r\n\t\t\t\t\tfont-size:20px !important;\r\n\t\t\t\t}\n<\/style><div class=\"td-block-title-wrap\"><h4 class=\"td-block-title\"><span class=\"td-pulldown-size\">Congress ambassadors of Slovenia, sports events<\/span><\/h4><\/div><\/div><div class=\"vc_row_inner tdi_15  vc_row vc_inner wpb_row td-pb-row\" >\n<style scoped>\n\/* custom css - generated by TagDiv Composer *\/\n\n\/* custom css - generated by TagDiv Composer *\/\n.tdi_15{\r\n                    position: relative !important;\r\n                    top: 0;\r\n                    transform: none;\r\n                    -webkit-transform: none;\r\n                }.tdi_15,\r\n\t\t\t\t.tdi_15 .tdc-inner-columns{\r\n\t\t\t\t    display: block;\r\n\t\t\t\t}.tdi_15 .tdc-inner-columns{\r\n\t\t\t\t    width: 100%;\r\n\t\t\t\t}\n<\/style><div class=\"vc_column_inner tdi_17  wpb_column vc_column_container tdc-inner-column td-pb-span12\">\n<style scoped>\n\/* custom css - generated by TagDiv Composer *\/\n\n\/* custom css - generated by TagDiv Composer *\/\n.tdi_17{\r\n                    vertical-align: baseline;\r\n                }.tdi_17 .vc_column-inner > .wpb_wrapper,\r\n\t\t\t\t.tdi_17 .vc_column-inner > .wpb_wrapper .tdc-elements{\r\n\t\t\t\t    display: block;\r\n\t\t\t\t}.tdi_17 .vc_column-inner > .wpb_wrapper .tdc-elements{\r\n\t\t\t\t    width: 100%;\r\n\t\t\t\t}\n<\/style><div class=\"vc_column-inner\"><div class=\"wpb_wrapper\" ><div class=\"wpb_wrapper wpb_text_column td_block_wrap td_block_wrap vc_column_text tdi_18  tagdiv-type td-pb-border-top td_block_template_5\"  data-td-block-uid=\"tdi_18\" >\n<style>\n\n\/* inline tdc_css att - generated by TagDiv Composer *\/\n\n.tdi_18{\nmargin-left:40px !important;\n}\n\n<\/style><div class=\"td-fix-index\"><p><strong>Mr Toma\u017e Barada,<\/strong> Sport centre Barada<br \/>\n<strong>Mr Franci Petek,<\/strong> PhD, Institute of Sports of the Republic of Slovenia Planica<br \/>\n<strong>Mr Jernej Slivnik,<\/strong> Slovenian Rowing Federation<br \/>\n<strong>Mr Uro\u0161 Zupan,<\/strong> Ski Association of Slovenia<\/p>\n<\/div><\/div><\/div><\/div><\/div><\/div><div class=\"wpb_wrapper td_block_empty_space td_block_wrap vc_empty_space tdi_20 \"  style=\"height: 5px\"><\/div><div class=\"wpb_wrapper td_block_empty_space td_block_wrap vc_empty_space tdi_22 \"  style=\"height: 5px\"><\/div><div class=\"wpb_wrapper td_block_empty_space td_block_wrap vc_empty_space tdi_24 \"  style=\"height: 5px\"><\/div><div class=\"wpb_wrapper td_block_empty_space td_block_wrap vc_empty_space tdi_26 \"  style=\"height: 5px\"><\/div><div class=\"wpb_wrapper td_block_empty_space td_block_wrap vc_empty_space tdi_28 \"  style=\"height: 5px\"><\/div><div class=\"wpb_wrapper td_block_empty_space td_block_wrap vc_empty_space tdi_30 \"  style=\"height: 5px\"><\/div><div class=\"wpb_wrapper td_block_empty_space td_block_wrap vc_empty_space tdi_32 \"  style=\"height: 5px\"><\/div><div class=\"wpb_wrapper td_block_empty_space td_block_wrap vc_empty_space tdi_34 \"  style=\"height: 5px\"><\/div><div class=\"wpb_wrapper td_block_empty_space td_block_wrap vc_empty_space tdi_36 \"  style=\"height: 5px\"><\/div><div class=\"wpb_wrapper td_block_empty_space td_block_wrap vc_empty_space tdi_38 \"  style=\"height: 5px\"><\/div><div class=\"wpb_wrapper td_block_empty_space td_block_wrap vc_empty_space tdi_40 \"  style=\"height: 5px\"><\/div><div class=\"wpb_wrapper td_block_empty_space td_block_wrap vc_empty_space tdi_42 \"  style=\"height: 5px\"><\/div><div class=\"wpb_wrapper td_block_empty_space td_block_wrap vc_empty_space tdi_44 \"  style=\"height: 5px\"><\/div><div class=\"wpb_wrapper td_block_empty_space td_block_wrap vc_empty_space tdi_46 \"  style=\"height: 5px\"><\/div><div class=\"wpb_wrapper td_block_empty_space td_block_wrap vc_empty_space tdi_48 \"  style=\"height: 5px\"><\/div><div class=\"wpb_wrapper td_block_empty_space td_block_wrap vc_empty_space tdi_50 \"  style=\"height: 5px\"><\/div><div class=\"wpb_wrapper td_block_empty_space td_block_wrap vc_empty_space tdi_52 \"  style=\"height: 5px\"><\/div><div class=\"wpb_wrapper td_block_empty_space td_block_wrap vc_empty_space tdi_54 \"  style=\"height: 5px\"><\/div><div class=\"wpb_wrapper td_block_empty_space td_block_wrap vc_empty_space tdi_56 \"  style=\"height: 5px\"><\/div><div class=\"wpb_wrapper td_block_empty_space td_block_wrap vc_empty_space tdi_58 \"  style=\"height: 5px\"><\/div><div class=\"wpb_wrapper td_block_empty_space td_block_wrap vc_empty_space tdi_60 \"  style=\"height: 5px\"><\/div><\/div><\/div><\/div><\/div><div id=\"tdi_61\" class=\"tdc-row\"><div class=\"vc_row tdi_62  wpb_row td-pb-row\" >\n<style scoped>\n\/* custom css - generated by TagDiv Composer *\/\n\n\/* custom css - generated by TagDiv Composer *\/\n.tdi_62,\r\n                .tdi_62 .tdc-columns{\r\n                    min-height: 0;\r\n                }.tdi_62,\r\n\t\t\t\t.tdi_62 .tdc-columns{\r\n\t\t\t\t    display: block;\r\n\t\t\t\t}.tdi_62 .tdc-columns{\r\n\t\t\t\t    width: 100%;\r\n\t\t\t\t}.tdi_62:before,\r\n\t\t\t\t.tdi_62:after{\r\n\t\t\t\t    display: table;\r\n\t\t\t\t}\n<\/style><div class=\"vc_column tdi_64  wpb_column vc_column_container tdc-column td-pb-span12\">\n<style scoped>\n\/* custom css - generated by TagDiv Composer *\/\n\n\/* custom css - generated by TagDiv Composer *\/\n.tdi_64{\r\n                    vertical-align: baseline;\r\n                }.tdi_64 > .wpb_wrapper,\r\n\t\t\t\t.tdi_64 > .wpb_wrapper > .tdc-elements{\r\n\t\t\t\t    display: block;\r\n\t\t\t\t}.tdi_64 > .wpb_wrapper > .tdc-elements{\r\n\t\t\t\t    width: 100%;\r\n\t\t\t\t}.tdi_64 > .wpb_wrapper > .vc_row_inner{\r\n\t\t\t\t    width: auto;\r\n\t\t\t\t}.tdi_64 > .wpb_wrapper{\r\n\t\t\t\t    width: auto;\r\n\t\t\t\t    height: auto;\r\n\t\t\t\t}\n<\/style><div class=\"wpb_wrapper\" ><\/div><\/div><\/div><\/div><\/div><\/div>","protected":false},"excerpt":{"rendered":"","protected":false},"author":2,"featured_media":0,"parent":0,"menu_order":0,"comment_status":"closed","ping_status":"closed","template":"","meta":{"_acf_changed":false,"footnotes":""},"class_list":["post-23469","page","type-page","status-publish"],"acf":[],"_links":{"self":[{"href":"https:\/\/www.slovenia-convention.com\/sl\/wp-json\/wp\/v2\/pages\/23469","targetHints":{"allow":["GET"]}}],"collection":[{"href":"https:\/\/www.slovenia-convention.com\/sl\/wp-json\/wp\/v2\/pages"}],"about":[{"href":"https:\/\/www.slovenia-convention.com\/sl\/wp-json\/wp\/v2\/types\/page"}],"author":[{"embeddable":true,"href":"https:\/\/www.slovenia-convention.com\/sl\/wp-json\/wp\/v2\/users\/2"}],"replies":[{"embeddable":true,"href":"https:\/\/www.slovenia-convention.com\/sl\/wp-json\/wp\/v2\/comments?post=23469"}],"version-history":[{"count":3,"href":"https:\/\/www.slovenia-convention.com\/sl\/wp-json\/wp\/v2\/pages\/23469\/revisions"}],"predecessor-version":[{"id":23492,"href":"https:\/\/www.slovenia-convention.com\/sl\/wp-json\/wp\/v2\/pages\/23469\/revisions\/23492"}],"wp:attachment":[{"href":"https:\/\/www.slovenia-convention.com\/sl\/wp-json\/wp\/v2\/media?parent=23469"}],"curies":[{"name":"wp","href":"https:\/\/api.w.org\/{rel}","templated":true}]}}