{"id":9781,"date":"2018-09-03T11:32:48","date_gmt":"2018-09-03T11:32:48","guid":{"rendered":"http:\/\/www.slovenia-convention.com\/?page_id=9781"},"modified":"2018-09-06T11:01:18","modified_gmt":"2018-09-06T11:01:18","slug":"storitve","status":"publish","type":"page","link":"https:\/\/www.slovenia-convention.com\/sl\/storitve\/","title":{"rendered":"STORITVE"},"content":{"rendered":"<div id=\"tdi_1\" class=\"tdc-row\"><div class=\"vc_row tdi_2  wpb_row td-pb-row\" >\n<style scoped>\n\/* custom css - generated by TagDiv Composer *\/\n\n\/* custom css - generated by TagDiv Composer *\/\n.tdi_2,\r\n                .tdi_2 .tdc-columns{\r\n                    min-height: 0;\r\n                }.tdi_2,\r\n\t\t\t\t.tdi_2 .tdc-columns{\r\n\t\t\t\t    display: block;\r\n\t\t\t\t}.tdi_2 .tdc-columns{\r\n\t\t\t\t    width: 100%;\r\n\t\t\t\t}.tdi_2:before,\r\n\t\t\t\t.tdi_2:after{\r\n\t\t\t\t    display: table;\r\n\t\t\t\t}\n<\/style><div class=\"vc_column tdi_4  wpb_column vc_column_container tdc-column td-pb-span12\">\n<style scoped>\n\/* custom css - generated by TagDiv Composer *\/\n\n\/* custom css - generated by TagDiv Composer *\/\n.tdi_4{\r\n                    vertical-align: baseline;\r\n                }.tdi_4 > .wpb_wrapper,\r\n\t\t\t\t.tdi_4 > .wpb_wrapper > .tdc-elements{\r\n\t\t\t\t    display: block;\r\n\t\t\t\t}.tdi_4 > .wpb_wrapper > .tdc-elements{\r\n\t\t\t\t    width: 100%;\r\n\t\t\t\t}.tdi_4 > .wpb_wrapper > .vc_row_inner{\r\n\t\t\t\t    width: auto;\r\n\t\t\t\t}.tdi_4 > .wpb_wrapper{\r\n\t\t\t\t    width: auto;\r\n\t\t\t\t    height: auto;\r\n\t\t\t\t}\n<\/style><div class=\"wpb_wrapper\" ><div class=\"tdm_block td_block_wrap tdm_block_column_title tdi_5 tdm-content-horiz-center td-pb-border-top td_block_template_5\"  data-td-block-uid=\"tdi_5\" >\n<style>\n\/* custom css - generated by TagDiv Composer *\/\n.tdm_block_column_title{\r\n                  margin-bottom: 0;\r\n                  display: inline-block;\r\n                  width: 100%;\r\n                }\n<\/style><div class=\"td-block-row\"><div class=\"td-block-span12 tdm-col\">\n<style>\n\/* custom css - generated by TagDiv Composer *\/\n.tdi_6 .tdm-title-line{\r\n\t\t\t\t\twidth: 180px;\r\n\t\t\t\t\r\n\t\t\t\t\theight: 49px;\r\n\t\t\t\t}.tdi_6 .tdm-title-line:after{\r\n\t\t\t\t\theight: 2px;\r\n\t\t\t\t\r\n\t\t\t\t\tbottom: 40%;\r\n\t\t\t\t}\n<\/style><div class=\"tds-title tds-title2 td-fix-index tdi_6 \"><h3 class=\"tdm-title tdm-title-md\">KAKO LAHKO POMAGAMO?<\/h3><div class=\"tdm-title-line\"><\/div><\/div><\/div><\/div><\/div><\/div><\/div><\/div><\/div><div id=\"tdi_7\" class=\"tdc-row stretch_row_1200 td-stretch-content\"><div class=\"vc_row tdi_8  wpb_row td-pb-row\" >\n<style scoped>\n\/* custom css - generated by TagDiv Composer *\/\n\n\/* custom css - generated by TagDiv Composer *\/\n.tdi_8,\r\n                .tdi_8 .tdc-columns{\r\n                    min-height: 0;\r\n                }.tdi_8,\r\n\t\t\t\t.tdi_8 .tdc-columns{\r\n\t\t\t\t    display: block;\r\n\t\t\t\t}.tdi_8 .tdc-columns{\r\n\t\t\t\t    width: 100%;\r\n\t\t\t\t}.tdi_8:before,\r\n\t\t\t\t.tdi_8:after{\r\n\t\t\t\t    display: table;\r\n\t\t\t\t}\n<\/style><div class=\"vc_column tdi_10  wpb_column vc_column_container tdc-column td-pb-span4\">\n<style scoped>\n\/* custom css - generated by TagDiv Composer *\/\n\n\/* custom css - generated by TagDiv Composer *\/\n.tdi_10{\r\n                    vertical-align: baseline;\r\n                }.tdi_10 > .wpb_wrapper,\r\n\t\t\t\t.tdi_10 > .wpb_wrapper > .tdc-elements{\r\n\t\t\t\t    display: block;\r\n\t\t\t\t}.tdi_10 > .wpb_wrapper > .tdc-elements{\r\n\t\t\t\t    width: 100%;\r\n\t\t\t\t}.tdi_10 > .wpb_wrapper > .vc_row_inner{\r\n\t\t\t\t    width: auto;\r\n\t\t\t\t}.tdi_10 > .wpb_wrapper{\r\n\t\t\t\t    width: auto;\r\n\t\t\t\t    height: auto;\r\n\t\t\t\t}\n<\/style><div class=\"wpb_wrapper\" ><div class=\"tdm_block td_block_wrap tdm_block_image_info_box tdi_11 tdm-content-horiz-left tdm-content-vert-top td-image-info-box-style-2 td-pb-border-top td_block_template_5 tdm-mobile-full\"  data-td-block-uid=\"tdi_11\" >\n<style>\n\/* custom css - generated by TagDiv Composer *\/\n.tdm_block_image_info_box .tdm-col{\r\n                  width: 100%;\r\n                }.tdm_block_image_info_box .tdm-image-wrap{\r\n                  overflow: hidden;\r\n                  position: relative;\r\n                  color: #fff;\r\n                }.tdm_block_image_info_box .tdm-image-box{\r\n                  height: 300px;\r\n                  display: block;\r\n                  background-size: cover;\r\n                  background-position: center;\r\n                }.tdm_block_image_info_box .tdm-image-box:before{\r\n                  content: '';\r\n                  -webkit-transition: all 0.3s;\r\n                  transition: all 0.3s;\r\n                  width: 100%;\r\n                  height: 100%;\r\n                  position: absolute;\r\n                  top: 0;\r\n                  left: 0;\r\n                }.tdm_block_image_info_box .tdm-title-md{\r\n                  font-weight: 600;\r\n                  color: #fff;\r\n                  margin: 0;\r\n                }.tdm_block_image_info_box .tdm-image-description{\r\n                  position: absolute;\r\n                  top: 0;\r\n                  padding: 6% 7%;\r\n                  width: 100%;\r\n                  margin: auto;\r\n                  pointer-events: none;\r\n                }.tdm_block_image_info_box .tdm-image-description p{\r\n                  font-family: var(--td_default_google_font_2, 'Roboto', sans-serif);\r\n                  font-size: 16px;\r\n                  line-height: 24px;\r\n                }.tdm_block_image_info_box .tdm-image-description p:last-of-type{\r\n                  margin-bottom: 0;\r\n                }.tdm_block_image_info_box .tdm-image-meta{\r\n                  -webkit-transition: all 0.3s;\r\n                  transition: all 0.3s;\r\n                  position: absolute;\r\n                  margin-right: 30px;\r\n                  margin-top: 15px;\r\n                }.tdm_block_image_info_box .tds-button{\r\n                  margin-top: 25px;\r\n                  pointer-events: all;\r\n                }.tdm_block_image_info_box .tdm-image-border{\r\n                  position: absolute;\r\n                  bottom: 0;\r\n                  width: 100%;\r\n                  z-index: 1;\r\n                }.tdm_block_image_info_box .tdm-image-border span{\r\n                  display: inline-block;\r\n                  width: 33.3333%;\r\n                  float: left;\r\n                  height: 4px;\r\n                }.tdm_block_image_info_box .tdm-image-border .tdm-image-border0{\r\n                  opacity: 0.8;\r\n                }.tdm_block_image_info_box .tdm-image-border .tdm-image-border1{\r\n                  opacity: 0.6;\r\n                }.tdm_block_image_info_box .tdm-image-border .tdm-image-border2{\r\n                  opacity: 0.4;\r\n                }.tdm_block_image_info_box.td-image-info-box-style-1.tdm-content-vert-bottom .tdm-image-description{\r\n                  top: auto;\r\n                  bottom: 0;\r\n                }.tdm_block_image_info_box.td-image-info-box-style-1.tdm-content-vert-center .tdm-image-description{\r\n                  bottom: 0;\r\n                }.tdm_block_image_info_box.td-image-info-box-style-1 .tdm-image-description{\r\n                  display: table;\r\n                }.tdm_block_image_info_box.td-image-info-box-style-1 .tdm-image-meta{\r\n                  position: relative;\r\n                  margin-right: 0;\r\n                }.tdm_block_image_info_box.td-image-info-box-style-2 .tdm-image-meta{\r\n                  bottom: 20px;\r\n                }.tdm_block_image_info_box.td-image-info-box-style-2 .tdm-image-description{\r\n                  bottom: 0;\r\n                }.tdm_block_image_info_box.td-image-info-box-style-2 .tds-button{\r\n                  position: absolute;\r\n                  margin-top: 40px;\r\n                  width: 100%;\r\n                }.tdm_block_image_info_box.td-image-info-box-style-2 .tdm-image-wrap:hover.tdm-btn-sm-used .tdm-image-meta{\r\n                  -webkit-transform: translateY(-45px);\r\n                  transform: translateY(-45px);\r\n                }.tdm_block_image_info_box.td-image-info-box-style-2 .tdm-image-wrap:hover.tdm-btn-sm-used .tds-button{\r\n                  margin-top: 10px;\r\n                }.tdm_block_image_info_box.td-image-info-box-style-2 .tdm-image-wrap:hover.tdm-btn-md-used .tdm-image-meta{\r\n                  -webkit-transform: translateY(-65px);\r\n                  transform: translateY(-65px);\r\n                }.tdm_block_image_info_box.td-image-info-box-style-2 .tdm-image-wrap:hover.tdm-btn-md-used .tds-button{\r\n                  margin-top: 14px;\r\n                }.tdm_block_image_info_box.td-image-info-box-style-2 .tdm-image-wrap:hover.tdm-btn-lg-used .tdm-image-meta{\r\n                  -webkit-transform: translateY(-87px);\r\n                  transform: translateY(-87px);\r\n                }.tdm_block_image_info_box.td-image-info-box-style-2 .tdm-image-wrap:hover.tdm-btn-lg-used .tds-button{\r\n                  margin-top: 23px;\r\n                }.tdm_block_image_info_box.td-image-info-box-style-2 .tdm-image-wrap:hover.tdm-btn-xlg-used .tdm-image-meta{\r\n                  -webkit-transform: translateY(-112px);\r\n                  transform: translateY(-112px);\r\n                }.tdm_block_image_info_box.td-image-info-box-style-2 .tdm-image-wrap:hover.tdm-btn-xlg-used .tds-button{\r\n                  margin-top: 23px;\r\n                }.tdm_block_image_info_box.td-image-info-box-style-2.tdm-content-horiz-center .tdm-image-meta{\r\n                  left: 7%;\r\n                  right: 7%;\r\n                  margin-right: 0;\r\n                }.tdm_block_image_info_box.td-image-info-box-style-2.tdm-content-horiz-center .tds-button{\r\n                  left: 50%;\r\n                  -webkit-transform: translateX(-50%);\r\n                  transform: translateX(-50%);\r\n                }.tdm_block_image_info_box.td-image-info-box-style-2.tdm-content-horiz-right .tdm-image-meta{\r\n                  right: 7%;\r\n                  margin-right: 0;\r\n                  margin-left: 20px;\r\n                }.tdm_block_image_info_box.td-image-info-box-style-2.tdm-content-horiz-right .tds-button{\r\n                  right: 0;\r\n                }.tdi_11 .td-block-row .tdm-image-box:before{\r\n\t\t\t\t\tbackground: -webkit-linear-gradient(30deg,rgba(0,19,38,0.8),rgba(0,0,0,0.39));background: linear-gradient(30deg,rgba(0,19,38,0.8),rgba(0,0,0,0.39));\r\n\t\t\t\t}@media (max-width: 767px) {\r\n                  .tdm_block_image_info_box .tdm-image-description {\r\n                    padding: 20px;\r\n                  }\r\n                }@media (min-width: 1019px) and (max-width: 1140px) {\r\n                  .tdm_block_image_info_box .tdm-image-description p {\r\n                    font-size: 14px;\r\n                    line-height: 20px;\r\n                  }\r\n                }@media (min-width: 768px) and (max-width: 1018px) {\r\n                  .tdm_block_image_info_box .tdm-image-description p {\r\n                    font-size: 14px;\r\n                    line-height: 20px;\r\n                  }\r\n                }\n<\/style><div class=\"td-block-width\"><div class=\"td-block-row\"><div class=\"td-block-span12 tdm-col\"><div class=\"tdm-image-wrap tdm-with-button tdm-btn-md-used\"><div class=\"tdm-image-border\"><span class=\"tdm-image-border0\"><\/span><span class=\"tdm-image-border1\"><\/span><span class=\"tdm-image-border2\"><\/span><\/div><div class=\"tdm-image-box\" style=\"background-image: url('https:\/\/www.slovenia-convention.com\/wp-content\/uploads\/dogodki-1.jpg');\" ><\/div><div class=\"tdm-image-description\"><h3 class=\"tdm-title-md\">LOKALNA PODPORA<\/h3><div class=\"tdm-image-meta\"><p>Kongresni urad Slovenije je osrednja kontaktna to\u010dka za vse organizatorje dogodkov, ki i\u0161\u010dejo informacije in nasvete povezane z organizacijo dogodkov v Sloveniji.<\/p>\n<style>\n\/* custom css - generated by TagDiv Composer *\/\n.tdi_12 i{\r\n\t\t\t\t\tfont-size: 18px;\r\n\t\t\t\t}body .tdi_12 .tdm-btn-icon:last-child{\r\n\t\t\t\t\tmargin-left: 14px;\r\n\t\t\t\t}.tdi_12{\r\n\t\t\t\t\tbox-shadow:  0px 2px 16px 0px rgba(0, 0, 0, 0.1);\r\n\t\t\t\t}.tdi_12:hover{\r\n\t\t\t\t\tbox-shadow:  0px 2px 26px 0px rgba(0, 0, 0, 0.1);\r\n\t\t\t\t}\n<\/style><div class=\"tds-button td-fix-index\"><a href=\"https:\/\/www.slovenia-convention.com\/sl\/lokalna-podpora\/\"  title=\"PREBERI VE\u010c\" class=\"tds-button3 tdm-btn tdm-btn-md tdi_12 \" ><span class=\"tdm-btn-text\">PREBERI VE\u010c<\/span><i class=\"tdm-btn-icon tdc-font-fa tdc-font-fa-graduation-cap\"><\/i><\/a><\/div><\/div><\/div><\/div><\/div><div class=\"clearfix\"><\/div><\/div><\/div><\/div><\/div><\/div><div class=\"vc_column tdi_14  wpb_column vc_column_container tdc-column td-pb-span4\">\n<style scoped>\n\/* custom css - generated by TagDiv Composer *\/\n\n\/* custom css - generated by TagDiv Composer *\/\n.tdi_14{\r\n                    vertical-align: baseline;\r\n                }.tdi_14 > .wpb_wrapper,\r\n\t\t\t\t.tdi_14 > .wpb_wrapper > .tdc-elements{\r\n\t\t\t\t    display: block;\r\n\t\t\t\t}.tdi_14 > .wpb_wrapper > .tdc-elements{\r\n\t\t\t\t    width: 100%;\r\n\t\t\t\t}.tdi_14 > .wpb_wrapper > .vc_row_inner{\r\n\t\t\t\t    width: auto;\r\n\t\t\t\t}.tdi_14 > .wpb_wrapper{\r\n\t\t\t\t    width: auto;\r\n\t\t\t\t    height: auto;\r\n\t\t\t\t}\n<\/style><div class=\"wpb_wrapper\" ><div class=\"tdm_block td_block_wrap tdm_block_image_info_box tdi_15 tdm-content-horiz-left tdm-content-vert-top td-image-info-box-style-2 td-pb-border-top td_block_template_5 tdm-mobile-full\"  data-td-block-uid=\"tdi_15\" >\n<style>\n\/* custom css - generated by TagDiv Composer *\/\n.tdi_15 .td-block-row .tdm-image-box:before{\r\n\t\t\t\t\tbackground: -webkit-linear-gradient(30deg,rgba(0,19,38,0.8),rgba(0,0,0,0.39));background: linear-gradient(30deg,rgba(0,19,38,0.8),rgba(0,0,0,0.39));\r\n\t\t\t\t}\n<\/style><div class=\"td-block-width\"><div class=\"td-block-row\"><div class=\"td-block-span12 tdm-col\"><div class=\"tdm-image-wrap tdm-with-button tdm-btn-md-used\"><div class=\"tdm-image-border\"><span class=\"tdm-image-border0\"><\/span><span class=\"tdm-image-border1\"><\/span><span class=\"tdm-image-border2\"><\/span><\/div><div class=\"tdm-image-box\" style=\"background-image: url('https:\/\/www.slovenia-convention.com\/wp-content\/uploads\/slovenia-meetings_ibtm-world-2016.jpg');\" ><\/div><div class=\"tdm-image-description\"><h3 class=\"tdm-title-md\">PRIPRAVA DOGODKOV<\/h3><div class=\"tdm-image-meta\"><p>Strokovnim zdru\u017eenjem, dru\u0161tvom in podjetjem, ki \u017eelijo organizirati dogodke lahko pomagamo s pridobivanjem informacij pri iskanju optimalne lokacije za dogodek.<\/p>\n<style>\n\/* custom css - generated by TagDiv Composer *\/\n.tdi_16 i{\r\n\t\t\t\t\tfont-size: 18px;\r\n\t\t\t\t}body .tdi_16 .tdm-btn-icon:last-child{\r\n\t\t\t\t\tmargin-left: 14px;\r\n\t\t\t\t}.tdi_16{\r\n\t\t\t\t\tbox-shadow:  0px 2px 16px 0px rgba(0, 0, 0, 0.1);\r\n\t\t\t\t}.tdi_16:hover{\r\n\t\t\t\t\tbox-shadow:  0px 2px 26px 0px rgba(0, 0, 0, 0.1);\r\n\t\t\t\t}\n<\/style><div class=\"tds-button td-fix-index\"><a href=\"https:\/\/www.slovenia-convention.com\/sl\/lokalna-podpora\/\"  title=\"PREBERI VE\u010c\" class=\"tds-button3 tdm-btn tdm-btn-md tdi_16 \" ><span class=\"tdm-btn-text\">PREBERI VE\u010c<\/span><i class=\"tdm-btn-icon tdc-font-fa tdc-font-fa-graduation-cap\"><\/i><\/a><\/div><\/div><\/div><\/div><\/div><div class=\"clearfix\"><\/div><\/div><\/div><\/div><\/div><\/div><div class=\"vc_column tdi_18  wpb_column vc_column_container tdc-column td-pb-span4\">\n<style scoped>\n\/* custom css - generated by TagDiv Composer *\/\n\n\/* custom css - generated by TagDiv Composer *\/\n.tdi_18{\r\n                    vertical-align: baseline;\r\n                }.tdi_18 > .wpb_wrapper,\r\n\t\t\t\t.tdi_18 > .wpb_wrapper > .tdc-elements{\r\n\t\t\t\t    display: block;\r\n\t\t\t\t}.tdi_18 > .wpb_wrapper > .tdc-elements{\r\n\t\t\t\t    width: 100%;\r\n\t\t\t\t}.tdi_18 > .wpb_wrapper > .vc_row_inner{\r\n\t\t\t\t    width: auto;\r\n\t\t\t\t}.tdi_18 > .wpb_wrapper{\r\n\t\t\t\t    width: auto;\r\n\t\t\t\t    height: auto;\r\n\t\t\t\t}\n<\/style><div class=\"wpb_wrapper\" ><div class=\"tdm_block td_block_wrap tdm_block_image_info_box tdi_19 tdm-content-horiz-left tdm-content-vert-top td-image-info-box-style-2 td-pb-border-top td_block_template_5 tdm-mobile-full\"  data-td-block-uid=\"tdi_19\" >\n<style>\n\/* custom css - generated by TagDiv Composer *\/\n.tdi_19 .td-block-row .tdm-image-box:before{\r\n\t\t\t\t\tbackground: -webkit-linear-gradient(30deg,rgba(0,19,38,0.8),rgba(0,0,0,0.39));background: linear-gradient(30deg,rgba(0,19,38,0.8),rgba(0,0,0,0.39));\r\n\t\t\t\t}\n<\/style><div class=\"td-block-width\"><div class=\"td-block-row\"><div class=\"td-block-span12 tdm-col\"><div class=\"tdm-image-wrap tdm-with-button tdm-btn-md-used\"><div class=\"tdm-image-border\"><span class=\"tdm-image-border0\"><\/span><span class=\"tdm-image-border1\"><\/span><span class=\"tdm-image-border2\"><\/span><\/div><div class=\"tdm-image-box\" style=\"background-image: url('https:\/\/www.slovenia-convention.com\/wp-content\/uploads\/dogodki-1.jpg');\" ><\/div><div class=\"tdm-image-description\"><h3 class=\"tdm-title-md\">KATALOG PARTNERJEV<\/h3><div class=\"tdm-image-meta\"><p>\u010clani Kongresnega urada so: lokalni in regionalni kongresni uradi, profesionalni kongreseni oranizatorji (PCO), DMC agencije, agencije za organizacijo dogodkov, kongresni in razstavi\u0161\u010dni centri...<\/p>\n<style>\n\/* custom css - generated by TagDiv Composer *\/\n.tdi_20 i{\r\n\t\t\t\t\tfont-size: 18px;\r\n\t\t\t\t}body .tdi_20 .tdm-btn-icon:last-child{\r\n\t\t\t\t\tmargin-left: 14px;\r\n\t\t\t\t}.tdi_20{\r\n\t\t\t\t\tbox-shadow:  0px 2px 16px 0px rgba(0, 0, 0, 0.1);\r\n\t\t\t\t}.tdi_20:hover{\r\n\t\t\t\t\tbox-shadow:  0px 2px 26px 0px rgba(0, 0, 0, 0.1);\r\n\t\t\t\t}\n<\/style><div class=\"tds-button td-fix-index\"><a href=\"https:\/\/www.slovenia-convention.com\/sl\/lokalna-podpora\/\"  title=\"PREBERI VE\u010c\" class=\"tds-button3 tdm-btn tdm-btn-md tdi_20 \" ><span class=\"tdm-btn-text\">PREBERI VE\u010c<\/span><i class=\"tdm-btn-icon tdc-font-fa tdc-font-fa-graduation-cap\"><\/i><\/a><\/div><\/div><\/div><\/div><\/div><div class=\"clearfix\"><\/div><\/div><\/div><\/div><\/div><\/div><\/div><\/div>","protected":false},"excerpt":{"rendered":"","protected":false},"author":2,"featured_media":0,"parent":0,"menu_order":0,"comment_status":"closed","ping_status":"closed","template":"","meta":{"_acf_changed":false,"footnotes":""},"class_list":["post-9781","page","type-page","status-publish"],"acf":[],"_links":{"self":[{"href":"https:\/\/www.slovenia-convention.com\/sl\/wp-json\/wp\/v2\/pages\/9781","targetHints":{"allow":["GET"]}}],"collection":[{"href":"https:\/\/www.slovenia-convention.com\/sl\/wp-json\/wp\/v2\/pages"}],"about":[{"href":"https:\/\/www.slovenia-convention.com\/sl\/wp-json\/wp\/v2\/types\/page"}],"author":[{"embeddable":true,"href":"https:\/\/www.slovenia-convention.com\/sl\/wp-json\/wp\/v2\/users\/2"}],"replies":[{"embeddable":true,"href":"https:\/\/www.slovenia-convention.com\/sl\/wp-json\/wp\/v2\/comments?post=9781"}],"version-history":[{"count":0,"href":"https:\/\/www.slovenia-convention.com\/sl\/wp-json\/wp\/v2\/pages\/9781\/revisions"}],"wp:attachment":[{"href":"https:\/\/www.slovenia-convention.com\/sl\/wp-json\/wp\/v2\/media?parent=9781"}],"curies":[{"name":"wp","href":"https:\/\/api.w.org\/{rel}","templated":true}]}}